{"id":1532,"date":"2024-10-07T07:46:49","date_gmt":"2024-10-07T07:46:49","guid":{"rendered":"https:\/\/www.sweetparadise.eu\/?page_id=1532"},"modified":"2024-10-07T08:00:00","modified_gmt":"2024-10-07T08:00:00","slug":"cookies","status":"publish","type":"page","link":"https:\/\/www.sweetparadise.eu\/nl\/cookies\/","title":{"rendered":"Cookies"},"content":{"rendered":"<div data-elementor-type=\"wp-page\" data-elementor-id=\"1532\" class=\"elementor elementor-1532\" data-elementor-post-type=\"page\">\n\t\t\t\t\t\t<section class=\"elementor-section elementor-top-section elementor-element elementor-element-4de5fbe elementor-section-boxed elementor-section-height-default elementor-section-height-default\" data-id=\"4de5fbe\" data-element_type=\"section\">\n\t\t\t\t\t\t<div class=\"elementor-container elementor-column-gap-default\">\n\t\t\t\t\t<div class=\"elementor-column elementor-col-100 elementor-top-column elementor-element elementor-element-8bdde9c\" data-id=\"8bdde9c\" data-element_type=\"column\">\n\t\t\t<div class=\"elementor-widget-wrap elementor-element-populated\">\n\t\t\t\t\t\t<div class=\"elementor-element elementor-element-de35780 elementor-widget elementor-widget-text-editor\" data-id=\"de35780\" data-element_type=\"widget\" data-settings=\"{&quot;jc_floating_fx_translate_y&quot;:{&quot;unit&quot;:&quot;px&quot;,&quot;size&quot;:&quot;&quot;,&quot;sizes&quot;:[]}}\" data-widget_type=\"text-editor.default\">\n\t\t\t\t<div class=\"elementor-widget-container\">\n\t\t\t\t\t\t\t\t\t<p><strong>Gestion des cookies<\/strong><\/p><p>Mise \u00e0 jour du 16\/09\/2024<\/p><p><strong>Consentement<\/strong><\/p><p>Les cookies nous permettent de personnaliser le contenu et les annonces, d&#8217;offrir des fonctionnalit\u00e9s relatives aux m\u00e9dias sociaux et d&#8217;analyser notre trafic. Nous partageons \u00e9galement des informations sur l&#8217;utilisation de notre site avec nos partenaires de m\u00e9dias sociaux, de publicit\u00e9 et d&#8217;analyse, qui peuvent combiner celles-ci avec d&#8217;autres informations que vous leur avez fournies ou qu&#8217;ils ont collect\u00e9es lors de votre utilisation de leurs services.<\/p><p><strong>D\u00e9tails<\/strong><\/p><ul><li><strong>N\u00e9cessaires<\/strong><\/li><\/ul><p><strong>rc::a<\/strong><\/p><p>Fournisseur: gstatic.com<\/p><p>Chemin d&#8217;acc\u00e8s du domaine: \/<\/p><p>Pays: \u00c9tats-Unis<\/p><p>Expiration: Persistent<\/p><p>Type: HTML Local Storage<\/p><p>Exemple de valeur: MTZmajY4a2MzZDZ4cw==<\/p><p>Description de la finalit\u00e9 des cookies:<\/p><p>This cookie is used to distinguish between humans and bots. This is beneficial for the website, in order to make valid reports on the use of their website.<\/p><p><strong>rc::c<\/strong><\/p><p>Premi\u00e8re URL trouv\u00e9e: https:\/\/www.sweetparadise.eu\/contact\/<\/p><p>Fournisseur: gstatic.com<\/p><p>Chemin d&#8217;acc\u00e8s du domaine: \/<\/p><p>Pays: \u00c9tats-Unis<\/p><p>HTTP uniquement<\/p><p>S\u00e9curiser<\/p><p>Expiration: Session<\/p><p>Type: HTML Local Storage<\/p><p>Exemple de valeur: BEIlFUUapjmhL_NPdLLUwDVJU3Hl9SnSIZvtsqBWOcFhVgJV6Vvr-kjuJHkVSRulZZ1Zgm1ecGacCiXRTRo2oaw<\/p><p>Description de la finalit\u00e9 des cookies:<\/p><p>This cookie is used to distinguish between humans and bots.<\/p><p><strong>1.gif<\/strong><\/p><p>Fournisseur:\u00a0imgsct.cookiebot.com<\/p><p>Chemin d&#8217;acc\u00e8s du domaine:\u00a0\/<\/p><p>Pays:\u00a0Irlande<\/p><p>S\u00e9curiser<\/p><p>Expiration:\u00a0Session<\/p><p>Type:\u00a0Pixel Tracker<\/p><p>Exemple de valeur:\u00a0dgi=na<\/p><p>Description de la finalit\u00e9 des cookies:<\/p><p>Used to count the number of sessions to the website, necessary for optimizing CMP product delivery.<\/p><p><strong>o2s-chl<\/strong><\/p><p>Premi\u00e8re URL trouv\u00e9e: https:\/\/www.sweetparadise.eu\/nl\/<\/p><p>Fournisseur: sweetparadise.eu<\/p><p>Chemin d&#8217;acc\u00e8s du domaine: \/<\/p><p>Pays: France<\/p><p>HTTP uniquement<\/p><p>S\u00e9curiser<\/p><p>Expiration: 1 jour<\/p><p>Type: HTTP Cookie<\/p><p>Exemple de valeur: 0f35b9bfb151026d9741693627b30fba<\/p><p>Description de la finalit\u00e9 des cookies:<\/p><p>This cookie is used to distinguish between humans and bots.<\/p><p><strong>wordpress_test_cookie<\/strong><\/p><p>Fournisseur: www.sweetparadise.eu<\/p><p>Pays: France<\/p><p>Cat\u00e9gorie:\u00a0\u00a0<\/p><p>N\u00e9cessaires<\/p><p>S\u00e9curiser<\/p><p>Expiration: Session<\/p><p>Type: HTTP Cookie<\/p><p>Exemple de valeur: WP%20Cookie%20check<\/p><p>Description de la finalit\u00e9 des cookies:<\/p><p>Used to check if the user&#8217;s browser supports cookies.<\/p><p><strong>PHPSESSID<\/strong><\/p><p>Chemin d&#8217;acc\u00e8s du domaine: \/<\/p><p>Pays: France<\/p><p>S\u00e9curiser<\/p><p>Expiration: Session<\/p><p>Type: HTTP Cookie<\/p><p>Exemple de valeur: karcgbuikg0jmgdclrj5todg7t<\/p><p>Description de la finalit\u00e9 des cookies:<\/p><p>Preserves user session state across page requests.<\/p><p><strong>CookieConsent<\/strong><\/p><p>Premi\u00e8re URL trouv\u00e9e: https:\/\/www.sweetparadise.eu\/<\/p><p>Fournisseur: www.sweetparadise.eu<\/p><p>Chemin d&#8217;acc\u00e8s du domaine: \/<\/p><p>Pays: France<\/p><p>S\u00e9curiser<\/p><p>Expiration: 1 ann\u00e9e<\/p><p>Type: HTTP Cookie<\/p><p>Exemple de valeur: {stamp:%27-1%27%2Cnecessary:true%2Cpreferences:true%2Cstatistics:true%2Cmarketing:true%2Cver:99999999999%2Cutc:1726317326105}<\/p><p>Description de la finalit\u00e9 des cookies:<\/p><p>Stores the user&#8217;s cookie consent state for the current domain<\/p><p><strong>wpEmojiSettingsSupports<\/strong><\/p><p>Fournisseur: www.sweetparadise.eu<\/p><p>Pays: France<\/p><p>HTTP uniquement<\/p><p>S\u00e9curiser<\/p><p>Expiration: Session<\/p><p>Type: HTML Local Storage<\/p><p>Exemple de valeur: {&amp;quot;supportTests&amp;quot;:{&amp;quot;flag&amp;quot;:true,&amp;quot;emoji&amp;quot;:true},&amp;quot;timestamp&amp;quot;:1726490126284}<\/p><p>Description de la finalit\u00e9 des cookies:<\/p><p>This cookie is part of a bundle of cookies which serve the purpose of content delivery and presentation. The cookies keep the correct state of font, blog\/picture sliders, color themes and other website settings.<\/p><p><strong>elementor<\/strong><\/p><p>Fournisseur: www.sweetparadise.eu<\/p><p>Chemin d&#8217;acc\u00e8s du domaine: \/<\/p><p>Pays: France<\/p><p>S\u00e9curiser<\/p><p>Expiration: Persistent<\/p><p>Type: HTML Local Storage<\/p><p>Exemple de valeur: {&amp;quot;__expiration&amp;quot;:{},&amp;quot;pageViews&amp;quot;:1}<\/p><p>Description de la finalit\u00e9 des cookies:<\/p><p>Used in context with the website&#8217;s WordPress theme. The cookie allows the website owner to implement or change the website&#8217;s content in real-time.<\/p><ul><li><strong>Marketing<\/strong><\/li><\/ul><p><strong>_ga_#<\/strong><\/p><p>Fournisseur:\u00a0sweetparadise.eu<\/p><p>Chemin d&#8217;acc\u00e8s du domaine:\u00a0\/<\/p><p>Pays:\u00a0\u00c9tats-Unis<\/p><p>S\u00e9curiser<\/p><p>Expiration:\u00a02 ann\u00e9es<\/p><p>Type:\u00a0HTTP Cookie<\/p><p>Exemple de valeur:\u00a0deleted<\/p><p>Description de la finalit\u00e9 des cookies:<\/p><p>Used to send data to Google Analytics about the visitor&#8217;s device and behavior. Tracks the visitor across devices and marketing channels.<\/p><p><strong>_ga<\/strong><\/p><p>Fournisseur:\u00a0sweetparadise.eu<\/p><p>Chemin d&#8217;acc\u00e8s du domaine:\u00a0\/<\/p><p>Pays:\u00a0\u00c9tats-Unis<\/p><p>S\u00e9curiser<\/p><p>Expiration:\u00a02 ann\u00e9es<\/p><p>Type:\u00a0HTTP Cookie<\/p><p>Exemple de valeur:\u00a0GA1.1.984464209.1728287603<\/p><p>Description de la finalit\u00e9 des cookies:<\/p><p>Used to send data to Google Analytics about the visitor&#8217;s device and behavior. Tracks the visitor across devices and marketing channels.<\/p><p><strong>\u00c0 propos des cookies<\/strong><\/p><p>Les cookies sont des petits fichiers textes qui peuvent \u00eatre utilis\u00e9s par les sites web pour rendre l&#8217;exp\u00e9rience utilisateur plus efficace.<\/p><p>La loi stipule que nous ne pouvons stocker des cookies sur votre appareil que s\u2019ils sont strictement n\u00e9cessaires au fonctionnement de ce site. Pour tous les autres types de cookies, nous avons besoin de votre permission.<\/p><p>Ce site utilise diff\u00e9rents types de cookies. Certains cookies sont plac\u00e9s par les services tiers qui apparaissent sur nos pages.<\/p><p>\u00c0 tout moment, vous pouvez modifier ou retirer votre consentement d\u00e8s la D\u00e9claration relative aux cookies sur notre site web.<\/p><p>En savoir plus sur qui nous sommes, comment vous pouvez nous contacter et comment nous traitons les donn\u00e9es personnelles veuillez voir notre Politique confidentialit\u00e9.<\/p><p>Veuillez indiquer l&#8217;identifiant de votre consentement et la date \u00e0 laquelle vous nous avez contact\u00e9s concernant votre consentement.<\/p><p><strong>Contact<\/strong><\/p><p><a href=\"mailto:sweetparadise@trendyfoods.com\">sweetparadise@trendyfoods.com<\/a><\/p>\t\t\t\t\t\t\t\t<\/div>\n\t\t\t\t<\/div>\n\t\t\t\t\t<\/div>\n\t\t<\/div>\n\t\t\t\t\t<\/div>\n\t\t<\/section>\n\t\t\t\t<\/div>","protected":false},"excerpt":{"rendered":"<p>Gestion des cookies Mise \u00e0 jour du 16\/09\/2024 Consentement Les cookies nous permettent de personnaliser le contenu et les annonces, d&#8217;offrir des fonctionnalit\u00e9s relatives aux m\u00e9dias sociaux et d&#8217;analyser notre trafic. Nous partageons \u00e9galement des informations sur l&#8217;utilisation de notre site avec nos partenaires de m\u00e9dias sociaux, de publicit\u00e9 et d&#8217;analyse, qui peuvent combiner celles-ci [&hellip;]<\/p>\n","protected":false},"author":1,"featured_media":0,"parent":0,"menu_order":0,"comment_status":"closed","ping_status":"closed","template":"brizy-blank-template.php","meta":{"footnotes":""},"class_list":["post-1532","page","type-page","status-publish","hentry"],"yoast_head":"<!-- This site is optimized with the Yoast SEO plugin v27.5 - https:\/\/yoast.com\/product\/yoast-seo-wordpress\/ -->\n<title>Cookies - Sweet Paradise<\/title>\n<meta name=\"robots\" content=\"index, follow, max-snippet:-1, max-image-preview:large, max-video-preview:-1\" \/>\n<link rel=\"canonical\" href=\"https:\/\/www.sweetparadise.eu\/nl\/cookies\/\" \/>\n<meta property=\"og:locale\" content=\"nl_BE\" \/>\n<meta property=\"og:type\" content=\"article\" \/>\n<meta property=\"og:title\" content=\"Cookies - Sweet Paradise\" \/>\n<meta property=\"og:description\" content=\"Gestion des cookies Mise \u00e0 jour du 16\/09\/2024 Consentement Les cookies nous permettent de personnaliser le contenu et les annonces, d&#8217;offrir des fonctionnalit\u00e9s relatives aux m\u00e9dias sociaux et d&#8217;analyser notre trafic. Nous partageons \u00e9galement des informations sur l&#8217;utilisation de notre site avec nos partenaires de m\u00e9dias sociaux, de publicit\u00e9 et d&#8217;analyse, qui peuvent combiner celles-ci [&hellip;]\" \/>\n<meta property=\"og:url\" content=\"https:\/\/www.sweetparadise.eu\/nl\/cookies\/\" \/>\n<meta property=\"og:site_name\" content=\"Sweet Paradise\" \/>\n<meta property=\"article:modified_time\" content=\"2024-10-07T08:00:00+00:00\" \/>\n<meta name=\"twitter:card\" content=\"summary_large_image\" \/>\n<meta name=\"twitter:label1\" content=\"Geschatte leestijd\" \/>\n\t<meta name=\"twitter:data1\" content=\"4 minuten\" \/>\n<script type=\"application\/ld+json\" class=\"yoast-schema-graph\">{\"@context\":\"https:\\\/\\\/schema.org\",\"@graph\":[{\"@type\":\"WebPage\",\"@id\":\"https:\\\/\\\/www.sweetparadise.eu\\\/cookies\\\/\",\"url\":\"https:\\\/\\\/www.sweetparadise.eu\\\/cookies\\\/\",\"name\":\"Cookies - Sweet Paradise\",\"isPartOf\":{\"@id\":\"https:\\\/\\\/www.sweetparadise.eu\\\/#website\"},\"datePublished\":\"2024-10-07T07:46:49+00:00\",\"dateModified\":\"2024-10-07T08:00:00+00:00\",\"breadcrumb\":{\"@id\":\"https:\\\/\\\/www.sweetparadise.eu\\\/cookies\\\/#breadcrumb\"},\"inLanguage\":\"nl-BE\",\"potentialAction\":[{\"@type\":\"ReadAction\",\"target\":[\"https:\\\/\\\/www.sweetparadise.eu\\\/cookies\\\/\"]}]},{\"@type\":\"BreadcrumbList\",\"@id\":\"https:\\\/\\\/www.sweetparadise.eu\\\/cookies\\\/#breadcrumb\",\"itemListElement\":[{\"@type\":\"ListItem\",\"position\":1,\"name\":\"Accueil\",\"item\":\"https:\\\/\\\/www.sweetparadise.eu\\\/\"},{\"@type\":\"ListItem\",\"position\":2,\"name\":\"Cookies\"}]},{\"@type\":\"WebSite\",\"@id\":\"https:\\\/\\\/www.sweetparadise.eu\\\/#website\",\"url\":\"https:\\\/\\\/www.sweetparadise.eu\\\/\",\"name\":\"Sweet Paradise\",\"description\":\"Full service pick&amp;mix\",\"publisher\":{\"@id\":\"https:\\\/\\\/www.sweetparadise.eu\\\/#organization\"},\"potentialAction\":[{\"@type\":\"SearchAction\",\"target\":{\"@type\":\"EntryPoint\",\"urlTemplate\":\"https:\\\/\\\/www.sweetparadise.eu\\\/?s={search_term_string}\"},\"query-input\":{\"@type\":\"PropertyValueSpecification\",\"valueRequired\":true,\"valueName\":\"search_term_string\"}}],\"inLanguage\":\"nl-BE\"},{\"@type\":\"Organization\",\"@id\":\"https:\\\/\\\/www.sweetparadise.eu\\\/#organization\",\"name\":\"Sweet Paradise\",\"url\":\"https:\\\/\\\/www.sweetparadise.eu\\\/\",\"logo\":{\"@type\":\"ImageObject\",\"inLanguage\":\"nl-BE\",\"@id\":\"https:\\\/\\\/www.sweetparadise.eu\\\/#\\\/schema\\\/logo\\\/image\\\/\",\"url\":\"https:\\\/\\\/www.sweetparadise.eu\\\/wp-content\\\/uploads\\\/2024\\\/07\\\/LD-560x560-Sweet-Paradise-Logo.png\",\"contentUrl\":\"https:\\\/\\\/www.sweetparadise.eu\\\/wp-content\\\/uploads\\\/2024\\\/07\\\/LD-560x560-Sweet-Paradise-Logo.png\",\"width\":560,\"height\":560,\"caption\":\"Sweet Paradise\"},\"image\":{\"@id\":\"https:\\\/\\\/www.sweetparadise.eu\\\/#\\\/schema\\\/logo\\\/image\\\/\"}}]}<\/script>\n<!-- \/ Yoast SEO plugin. -->","yoast_head_json":{"title":"Cookies - Sweet Paradise","robots":{"index":"index","follow":"follow","max-snippet":"max-snippet:-1","max-image-preview":"max-image-preview:large","max-video-preview":"max-video-preview:-1"},"canonical":"https:\/\/www.sweetparadise.eu\/nl\/cookies\/","og_locale":"nl_BE","og_type":"article","og_title":"Cookies - Sweet Paradise","og_description":"Gestion des cookies Mise \u00e0 jour du 16\/09\/2024 Consentement Les cookies nous permettent de personnaliser le contenu et les annonces, d&#8217;offrir des fonctionnalit\u00e9s relatives aux m\u00e9dias sociaux et d&#8217;analyser notre trafic. Nous partageons \u00e9galement des informations sur l&#8217;utilisation de notre site avec nos partenaires de m\u00e9dias sociaux, de publicit\u00e9 et d&#8217;analyse, qui peuvent combiner celles-ci [&hellip;]","og_url":"https:\/\/www.sweetparadise.eu\/nl\/cookies\/","og_site_name":"Sweet Paradise","article_modified_time":"2024-10-07T08:00:00+00:00","twitter_card":"summary_large_image","twitter_misc":{"Geschatte leestijd":"4 minuten"},"schema":{"@context":"https:\/\/schema.org","@graph":[{"@type":"WebPage","@id":"https:\/\/www.sweetparadise.eu\/cookies\/","url":"https:\/\/www.sweetparadise.eu\/cookies\/","name":"Cookies - Sweet Paradise","isPartOf":{"@id":"https:\/\/www.sweetparadise.eu\/#website"},"datePublished":"2024-10-07T07:46:49+00:00","dateModified":"2024-10-07T08:00:00+00:00","breadcrumb":{"@id":"https:\/\/www.sweetparadise.eu\/cookies\/#breadcrumb"},"inLanguage":"nl-BE","potentialAction":[{"@type":"ReadAction","target":["https:\/\/www.sweetparadise.eu\/cookies\/"]}]},{"@type":"BreadcrumbList","@id":"https:\/\/www.sweetparadise.eu\/cookies\/#breadcrumb","itemListElement":[{"@type":"ListItem","position":1,"name":"Accueil","item":"https:\/\/www.sweetparadise.eu\/"},{"@type":"ListItem","position":2,"name":"Cookies"}]},{"@type":"WebSite","@id":"https:\/\/www.sweetparadise.eu\/#website","url":"https:\/\/www.sweetparadise.eu\/","name":"Sweet Paradise","description":"Full service pick&amp;mix","publisher":{"@id":"https:\/\/www.sweetparadise.eu\/#organization"},"potentialAction":[{"@type":"SearchAction","target":{"@type":"EntryPoint","urlTemplate":"https:\/\/www.sweetparadise.eu\/?s={search_term_string}"},"query-input":{"@type":"PropertyValueSpecification","valueRequired":true,"valueName":"search_term_string"}}],"inLanguage":"nl-BE"},{"@type":"Organization","@id":"https:\/\/www.sweetparadise.eu\/#organization","name":"Sweet Paradise","url":"https:\/\/www.sweetparadise.eu\/","logo":{"@type":"ImageObject","inLanguage":"nl-BE","@id":"https:\/\/www.sweetparadise.eu\/#\/schema\/logo\/image\/","url":"https:\/\/www.sweetparadise.eu\/wp-content\/uploads\/2024\/07\/LD-560x560-Sweet-Paradise-Logo.png","contentUrl":"https:\/\/www.sweetparadise.eu\/wp-content\/uploads\/2024\/07\/LD-560x560-Sweet-Paradise-Logo.png","width":560,"height":560,"caption":"Sweet Paradise"},"image":{"@id":"https:\/\/www.sweetparadise.eu\/#\/schema\/logo\/image\/"}}]}},"brizy_media":[],"_links":{"self":[{"href":"https:\/\/www.sweetparadise.eu\/nl\/wp-json\/wp\/v2\/pages\/1532","targetHints":{"allow":["GET"]}}],"collection":[{"href":"https:\/\/www.sweetparadise.eu\/nl\/wp-json\/wp\/v2\/pages"}],"about":[{"href":"https:\/\/www.sweetparadise.eu\/nl\/wp-json\/wp\/v2\/types\/page"}],"author":[{"embeddable":true,"href":"https:\/\/www.sweetparadise.eu\/nl\/wp-json\/wp\/v2\/users\/1"}],"replies":[{"embeddable":true,"href":"https:\/\/www.sweetparadise.eu\/nl\/wp-json\/wp\/v2\/comments?post=1532"}],"version-history":[{"count":4,"href":"https:\/\/www.sweetparadise.eu\/nl\/wp-json\/wp\/v2\/pages\/1532\/revisions"}],"predecessor-version":[{"id":1541,"href":"https:\/\/www.sweetparadise.eu\/nl\/wp-json\/wp\/v2\/pages\/1532\/revisions\/1541"}],"wp:attachment":[{"href":"https:\/\/www.sweetparadise.eu\/nl\/wp-json\/wp\/v2\/media?parent=1532"}],"curies":[{"name":"wp","href":"https:\/\/api.w.org\/{rel}","templated":true}]}}